{"id":105,"date":"2021-11-30T15:48:19","date_gmt":"2021-11-30T15:48:19","guid":{"rendered":"https:\/\/demo.creativethemes.com\/blocksy\/petsy\/?post_type=product&#038;p=105"},"modified":"2025-02-05T17:03:53","modified_gmt":"2025-02-05T23:03:53","slug":"navel-tornasol","status":"publish","type":"product","link":"https:\/\/frackjewelry.com\/index.php\/producto\/navel-tornasol\/","title":{"rendered":"Piedra Tornasol Ombligo"},"content":{"rendered":"<p style=\"font-weight: 400;\">Caracter\u00edsticas: Acero grado quir\u00fargico 316L, esta pieza est\u00e1 dise\u00f1ada para ser biocompatible. Producto profesional. Las piezas de color son ba\u00f1adas en titanio, por el cual el pH puede ocasionar cambios en la capa de ba\u00f1o de color en las piezas.<\/p>\n<p style=\"font-weight: 400;\">Cuidados de la joyer\u00eda: evitar contacto con cremas, perfumes, etc. Limpia con frecuencia para mantener el brillo, evita l\u00edquidos no aptos para la joyer\u00eda, s\u00e9calas perfectamente.<\/p>\n","protected":false},"excerpt":{"rendered":"<p>10mm<\/p>\n","protected":false},"featured_media":815,"comment_status":"open","ping_status":"closed","template":"","meta":{"_gspb_post_css":"","_uag_custom_page_level_css":""},"product_brand":[],"product_cat":[21,35],"product_tag":[75,72],"class_list":{"0":"post-105","1":"product","2":"type-product","3":"status-publish","4":"has-post-thumbnail","6":"product_cat-ombligo","7":"product_cat-aceroquirurgico","8":"product_tag-navel","9":"product_tag-ombligo","10":"pa_color-silver","11":"pa_color-gold","13":"first","14":"instock","15":"sale","16":"taxable","17":"shipping-taxable","18":"purchasable","19":"product-type-variable"},"uagb_featured_image_src":{"full":["https:\/\/frackjewelry.com\/wp-content\/uploads\/2021\/11\/Ilustracion_sin_titulo-6.jpg",2048,2048,false],"thumbnail":["https:\/\/frackjewelry.com\/wp-content\/uploads\/2021\/11\/Ilustracion_sin_titulo-6-150x150.jpg",150,150,true],"medium":["https:\/\/frackjewelry.com\/wp-content\/uploads\/2021\/11\/Ilustracion_sin_titulo-6-300x300.jpg",300,300,true],"medium_large":["https:\/\/frackjewelry.com\/wp-content\/uploads\/2021\/11\/Ilustracion_sin_titulo-6-768x768.jpg",768,768,true],"large":["https:\/\/frackjewelry.com\/wp-content\/uploads\/2021\/11\/Ilustracion_sin_titulo-6-1024x1024.jpg",1020,1020,true],"1536x1536":["https:\/\/frackjewelry.com\/wp-content\/uploads\/2021\/11\/Ilustracion_sin_titulo-6-1536x1536.jpg",1536,1536,true],"2048x2048":["https:\/\/frackjewelry.com\/wp-content\/uploads\/2021\/11\/Ilustracion_sin_titulo-6.jpg",2048,2048,false],"blossom-feminine-slider":["https:\/\/frackjewelry.com\/wp-content\/uploads\/2021\/11\/Ilustracion_sin_titulo-6.jpg",649,649,false],"blossom-feminine-featured":["https:\/\/frackjewelry.com\/wp-content\/uploads\/2021\/11\/Ilustracion_sin_titulo-6.jpg",600,600,false],"blossom-feminine-with-sidebar":["https:\/\/frackjewelry.com\/wp-content\/uploads\/2021\/11\/Ilustracion_sin_titulo-6.jpg",600,600,false],"blossom-feminine-blog":["https:\/\/frackjewelry.com\/wp-content\/uploads\/2021\/11\/Ilustracion_sin_titulo-6.jpg",435,435,false],"blossom-feminine-cat":["https:\/\/frackjewelry.com\/wp-content\/uploads\/2021\/11\/Ilustracion_sin_titulo-6.jpg",300,300,false],"blossom-feminine-related":["https:\/\/frackjewelry.com\/wp-content\/uploads\/2021\/11\/Ilustracion_sin_titulo-6.jpg",200,200,false],"woocommerce_thumbnail":["https:\/\/frackjewelry.com\/wp-content\/uploads\/2021\/11\/Ilustracion_sin_titulo-6-300x300.jpg",300,300,true],"woocommerce_single":["https:\/\/frackjewelry.com\/wp-content\/uploads\/2021\/11\/Ilustracion_sin_titulo-6-700x700.jpg",700,700,true],"woocommerce_gallery_thumbnail":["https:\/\/frackjewelry.com\/wp-content\/uploads\/2021\/11\/Ilustracion_sin_titulo-6-300x300.jpg",300,300,true],"wcpr-photo-reviews":["https:\/\/frackjewelry.com\/wp-content\/uploads\/2021\/11\/Ilustracion_sin_titulo-6.jpg",500,500,false],"variation_swatches_image_size":["https:\/\/frackjewelry.com\/wp-content\/uploads\/2021\/11\/Ilustracion_sin_titulo-6-50x50.jpg",50,50,true],"variation_swatches_tooltip_size":["https:\/\/frackjewelry.com\/wp-content\/uploads\/2021\/11\/Ilustracion_sin_titulo-6-100x100.jpg",100,100,true]},"uagb_author_info":{"display_name":"frackjewelry.com","author_link":"https:\/\/frackjewelry.com\/index.php\/author\/"},"uagb_comment_info":0,"uagb_excerpt":"10mm","_links":{"self":[{"href":"https:\/\/frackjewelry.com\/index.php\/wp-json\/wp\/v2\/product\/105","targetHints":{"allow":["GET"]}}],"collection":[{"href":"https:\/\/frackjewelry.com\/index.php\/wp-json\/wp\/v2\/product"}],"about":[{"href":"https:\/\/frackjewelry.com\/index.php\/wp-json\/wp\/v2\/types\/product"}],"replies":[{"embeddable":true,"href":"https:\/\/frackjewelry.com\/index.php\/wp-json\/wp\/v2\/comments?post=105"}],"wp:featuredmedia":[{"embeddable":true,"href":"https:\/\/frackjewelry.com\/index.php\/wp-json\/wp\/v2\/media\/815"}],"wp:attachment":[{"href":"https:\/\/frackjewelry.com\/index.php\/wp-json\/wp\/v2\/media?parent=105"}],"wp:term":[{"taxonomy":"product_brand","embeddable":true,"href":"https:\/\/frackjewelry.com\/index.php\/wp-json\/wp\/v2\/product_brand?post=105"},{"taxonomy":"product_cat","embeddable":true,"href":"https:\/\/frackjewelry.com\/index.php\/wp-json\/wp\/v2\/product_cat?post=105"},{"taxonomy":"product_tag","embeddable":true,"href":"https:\/\/frackjewelry.com\/index.php\/wp-json\/wp\/v2\/product_tag?post=105"}],"curies":[{"name":"wp","href":"https:\/\/api.w.org\/{rel}","templated":true}]}}