{"id":112,"date":"2021-11-30T15:57:26","date_gmt":"2021-11-30T15:57:26","guid":{"rendered":"https:\/\/demo.creativethemes.com\/blocksy\/petsy\/?post_type=product&#038;p=112"},"modified":"2025-02-07T18:07:55","modified_gmt":"2025-02-08T00:07:55","slug":"proin-sagittis","status":"publish","type":"product","link":"https:\/\/frackjewelry.com\/index.php\/producto\/proin-sagittis\/","title":{"rendered":"Argolla 10mm 20g"},"content":{"rendered":"<p style=\"font-weight: 400;\">Caracter\u00edsticas: Acero grado quir\u00fargico 316L, esta pieza est\u00e1 dise\u00f1ada para ser biocompatible. Producto profesional. Las piezas de color son ba\u00f1adas en titanio, por el cual el pH puede ocasionar cambios en la capa de ba\u00f1o de color en las piezas.<\/p>\n<p style=\"font-weight: 400;\">Cuidados de la joyer\u00eda: evitar contacto con cremas, perfumes, etc. Limpia con frecuencia para mantener el brillo, evita l\u00edquidos no aptos para la joyer\u00eda, s\u00e9calas perfectamente.<\/p>\n<p>&nbsp;<\/p>\n","protected":false},"excerpt":{"rendered":"<p>10mm 20g<\/p>\n","protected":false},"featured_media":793,"comment_status":"open","ping_status":"closed","template":"","meta":{"_gspb_post_css":"","_uag_custom_page_level_css":""},"product_brand":[],"product_cat":[39,22,116,20],"product_tag":[52,55,54,53],"class_list":{"0":"post-112","1":"product","2":"type-product","3":"status-publish","4":"has-post-thumbnail","6":"product_cat-argollas","7":"product_cat-ceja-y-rook-verticallabret","8":"product_cat-nostril","9":"product_cat-sepydai","10":"product_tag-argolla","11":"product_tag-aro","12":"product_tag-hoop","13":"product_tag-piercing","14":"pa_color-bk","15":"pa_color-silver","16":"pa_color-gold","18":"first","19":"instock","20":"taxable","21":"shipping-taxable","22":"purchasable","23":"product-type-variable"},"uagb_featured_image_src":{"full":["https:\/\/frackjewelry.com\/wp-content\/uploads\/2021\/11\/Ilustracion_sin_titulo.jpg",2048,2048,false],"thumbnail":["https:\/\/frackjewelry.com\/wp-content\/uploads\/2021\/11\/Ilustracion_sin_titulo-150x150.jpg",150,150,true],"medium":["https:\/\/frackjewelry.com\/wp-content\/uploads\/2021\/11\/Ilustracion_sin_titulo-300x300.jpg",300,300,true],"medium_large":["https:\/\/frackjewelry.com\/wp-content\/uploads\/2021\/11\/Ilustracion_sin_titulo-768x768.jpg",768,768,true],"large":["https:\/\/frackjewelry.com\/wp-content\/uploads\/2021\/11\/Ilustracion_sin_titulo-1024x1024.jpg",1020,1020,true],"1536x1536":["https:\/\/frackjewelry.com\/wp-content\/uploads\/2021\/11\/Ilustracion_sin_titulo-1536x1536.jpg",1536,1536,true],"2048x2048":["https:\/\/frackjewelry.com\/wp-content\/uploads\/2021\/11\/Ilustracion_sin_titulo.jpg",2048,2048,false],"blossom-feminine-slider":["https:\/\/frackjewelry.com\/wp-content\/uploads\/2021\/11\/Ilustracion_sin_titulo.jpg",649,649,false],"blossom-feminine-featured":["https:\/\/frackjewelry.com\/wp-content\/uploads\/2021\/11\/Ilustracion_sin_titulo.jpg",600,600,false],"blossom-feminine-with-sidebar":["https:\/\/frackjewelry.com\/wp-content\/uploads\/2021\/11\/Ilustracion_sin_titulo.jpg",600,600,false],"blossom-feminine-blog":["https:\/\/frackjewelry.com\/wp-content\/uploads\/2021\/11\/Ilustracion_sin_titulo.jpg",435,435,false],"blossom-feminine-cat":["https:\/\/frackjewelry.com\/wp-content\/uploads\/2021\/11\/Ilustracion_sin_titulo.jpg",300,300,false],"blossom-feminine-related":["https:\/\/frackjewelry.com\/wp-content\/uploads\/2021\/11\/Ilustracion_sin_titulo.jpg",200,200,false],"woocommerce_thumbnail":["https:\/\/frackjewelry.com\/wp-content\/uploads\/2021\/11\/Ilustracion_sin_titulo-300x300.jpg",300,300,true],"woocommerce_single":["https:\/\/frackjewelry.com\/wp-content\/uploads\/2021\/11\/Ilustracion_sin_titulo-700x700.jpg",700,700,true],"woocommerce_gallery_thumbnail":["https:\/\/frackjewelry.com\/wp-content\/uploads\/2021\/11\/Ilustracion_sin_titulo-300x300.jpg",300,300,true],"wcpr-photo-reviews":["https:\/\/frackjewelry.com\/wp-content\/uploads\/2021\/11\/Ilustracion_sin_titulo.jpg",500,500,false],"variation_swatches_image_size":["https:\/\/frackjewelry.com\/wp-content\/uploads\/2021\/11\/Ilustracion_sin_titulo-50x50.jpg",50,50,true],"variation_swatches_tooltip_size":["https:\/\/frackjewelry.com\/wp-content\/uploads\/2021\/11\/Ilustracion_sin_titulo-100x100.jpg",100,100,true]},"uagb_author_info":{"display_name":"frackjewelry.com","author_link":"https:\/\/frackjewelry.com\/index.php\/author\/"},"uagb_comment_info":0,"uagb_excerpt":"10mm 20g","_links":{"self":[{"href":"https:\/\/frackjewelry.com\/index.php\/wp-json\/wp\/v2\/product\/112","targetHints":{"allow":["GET"]}}],"collection":[{"href":"https:\/\/frackjewelry.com\/index.php\/wp-json\/wp\/v2\/product"}],"about":[{"href":"https:\/\/frackjewelry.com\/index.php\/wp-json\/wp\/v2\/types\/product"}],"replies":[{"embeddable":true,"href":"https:\/\/frackjewelry.com\/index.php\/wp-json\/wp\/v2\/comments?post=112"}],"wp:featuredmedia":[{"embeddable":true,"href":"https:\/\/frackjewelry.com\/index.php\/wp-json\/wp\/v2\/media\/793"}],"wp:attachment":[{"href":"https:\/\/frackjewelry.com\/index.php\/wp-json\/wp\/v2\/media?parent=112"}],"wp:term":[{"taxonomy":"product_brand","embeddable":true,"href":"https:\/\/frackjewelry.com\/index.php\/wp-json\/wp\/v2\/product_brand?post=112"},{"taxonomy":"product_cat","embeddable":true,"href":"https:\/\/frackjewelry.com\/index.php\/wp-json\/wp\/v2\/product_cat?post=112"},{"taxonomy":"product_tag","embeddable":true,"href":"https:\/\/frackjewelry.com\/index.php\/wp-json\/wp\/v2\/product_tag?post=112"}],"curies":[{"name":"wp","href":"https:\/\/api.w.org\/{rel}","templated":true}]}}