{"id":1741,"date":"2024-01-29T19:44:02","date_gmt":"2024-01-30T01:44:02","guid":{"rendered":"https:\/\/frackjewelry.com\/?post_type=product&#038;p=1741"},"modified":"2025-02-10T13:04:12","modified_gmt":"2025-02-10T19:04:12","slug":"cluster-opal-zircon","status":"publish","type":"product","link":"https:\/\/frackjewelry.com\/index.php\/producto\/cluster-opal-zircon\/","title":{"rendered":"Cluster Opal + Zircon"},"content":{"rendered":"<p>Hermoso cluster de Opal blanco con zirconia Clear<\/p>\n<p>ideal para lucir en Piercing: Helix, Lobulo, Flat, Tragus, Conch, Nostril, Labio,<\/p>\n<div>\n<p>Esta pieza es exclusiva ya que es titanio de la mejor calidad<\/p>\n<\/div>\n<div>\n<p>El mejor metal para todas tus perforaciones, metal puro de titanio ASTM F-136, metal hipoalerg\u00e9nico, m\u00e1s ligero y excelente calidad en cada detalle de las piezas.<\/p>\n<\/div>\n<div>\n<p>Metal biocompatible, m\u00e1s aceptado por nuestro organismo, ayuda a la cicatrizaci\u00f3n de tu perforaci\u00f3n, las piezas de titanio en color no cambian ya que el color es propio del metal.<\/p>\n<\/div>\n<div>\n<p>Cuidado de joyer\u00eda: evitar contacto con cremas, perfumes, etc. Limpia con frecuencia para mantener el brillo, evita l\u00edquidos no aptos para la joyer\u00eda, s\u00e9calas perfectamente.<\/p>\n<\/div>\n<div>\n<p>Contamos con nuestro propio fabricante por el cual la calidad de nuestra joyer\u00eda es de alta y excelencia \u00a0calidad.<\/p>\n<\/div>\n<div>\n<p><span lang=\"ES-TRAD\">Aseg\u00farate que las medidas de la joyeria son las que necesitas, ya que no realizamos cambios, devoluciones, ni reembolsos por compra err\u00f3nea.<\/span><\/p>\n<\/div>\n<div>\n<p>nuestra joyer\u00eda de titanio no se despinta, no mancha o le ocurren efectos. no apliques productos no aptos para seguir obteniendo el brillo de la pieza y de las piedras<\/p>\n<\/div>\n","protected":false},"excerpt":{"rendered":"<p>16g 1.2 mm de grosor<\/p>\n","protected":false},"featured_media":1742,"comment_status":"open","ping_status":"closed","template":"","meta":{"_gspb_post_css":"","_uag_custom_page_level_css":""},"product_brand":[],"product_cat":[37,36],"product_tag":[],"class_list":{"0":"post-1741","1":"product","2":"type-product","3":"status-publish","4":"has-post-thumbnail","6":"product_cat-rectos-helix-lobulo","7":"product_cat-tototitanio","9":"first","10":"outofstock","11":"taxable","12":"shipping-taxable","13":"purchasable","14":"product-type-simple"},"uagb_featured_image_src":{"full":["https:\/\/frackjewelry.com\/wp-content\/uploads\/2024\/01\/f19eeb98-7faa-4afa-84cf-e6c2450fc785.jpg",1280,1280,false],"thumbnail":["https:\/\/frackjewelry.com\/wp-content\/uploads\/2024\/01\/f19eeb98-7faa-4afa-84cf-e6c2450fc785-150x150.jpg",150,150,true],"medium":["https:\/\/frackjewelry.com\/wp-content\/uploads\/2024\/01\/f19eeb98-7faa-4afa-84cf-e6c2450fc785-300x300.jpg",300,300,true],"medium_large":["https:\/\/frackjewelry.com\/wp-content\/uploads\/2024\/01\/f19eeb98-7faa-4afa-84cf-e6c2450fc785-768x768.jpg",768,768,true],"large":["https:\/\/frackjewelry.com\/wp-content\/uploads\/2024\/01\/f19eeb98-7faa-4afa-84cf-e6c2450fc785-1024x1024.jpg",1020,1020,true],"1536x1536":["https:\/\/frackjewelry.com\/wp-content\/uploads\/2024\/01\/f19eeb98-7faa-4afa-84cf-e6c2450fc785.jpg",1280,1280,false],"2048x2048":["https:\/\/frackjewelry.com\/wp-content\/uploads\/2024\/01\/f19eeb98-7faa-4afa-84cf-e6c2450fc785.jpg",1280,1280,false],"blossom-feminine-slider":["https:\/\/frackjewelry.com\/wp-content\/uploads\/2024\/01\/f19eeb98-7faa-4afa-84cf-e6c2450fc785.jpg",649,649,false],"blossom-feminine-featured":["https:\/\/frackjewelry.com\/wp-content\/uploads\/2024\/01\/f19eeb98-7faa-4afa-84cf-e6c2450fc785.jpg",600,600,false],"blossom-feminine-with-sidebar":["https:\/\/frackjewelry.com\/wp-content\/uploads\/2024\/01\/f19eeb98-7faa-4afa-84cf-e6c2450fc785.jpg",600,600,false],"blossom-feminine-blog":["https:\/\/frackjewelry.com\/wp-content\/uploads\/2024\/01\/f19eeb98-7faa-4afa-84cf-e6c2450fc785.jpg",435,435,false],"blossom-feminine-cat":["https:\/\/frackjewelry.com\/wp-content\/uploads\/2024\/01\/f19eeb98-7faa-4afa-84cf-e6c2450fc785.jpg",300,300,false],"blossom-feminine-related":["https:\/\/frackjewelry.com\/wp-content\/uploads\/2024\/01\/f19eeb98-7faa-4afa-84cf-e6c2450fc785.jpg",200,200,false],"woocommerce_thumbnail":["https:\/\/frackjewelry.com\/wp-content\/uploads\/2024\/01\/f19eeb98-7faa-4afa-84cf-e6c2450fc785-300x300.jpg",300,300,true],"woocommerce_single":["https:\/\/frackjewelry.com\/wp-content\/uploads\/2024\/01\/f19eeb98-7faa-4afa-84cf-e6c2450fc785-700x700.jpg",700,700,true],"woocommerce_gallery_thumbnail":["https:\/\/frackjewelry.com\/wp-content\/uploads\/2024\/01\/f19eeb98-7faa-4afa-84cf-e6c2450fc785-300x300.jpg",300,300,true],"wcpr-photo-reviews":["https:\/\/frackjewelry.com\/wp-content\/uploads\/2024\/01\/f19eeb98-7faa-4afa-84cf-e6c2450fc785.jpg",500,500,false],"variation_swatches_image_size":["https:\/\/frackjewelry.com\/wp-content\/uploads\/2024\/01\/f19eeb98-7faa-4afa-84cf-e6c2450fc785-50x50.jpg",50,50,true],"variation_swatches_tooltip_size":["https:\/\/frackjewelry.com\/wp-content\/uploads\/2024\/01\/f19eeb98-7faa-4afa-84cf-e6c2450fc785-100x100.jpg",100,100,true]},"uagb_author_info":{"display_name":"frackjewelry.com","author_link":"https:\/\/frackjewelry.com\/index.php\/author\/"},"uagb_comment_info":0,"uagb_excerpt":"16g 1.2 mm de grosor","_links":{"self":[{"href":"https:\/\/frackjewelry.com\/index.php\/wp-json\/wp\/v2\/product\/1741","targetHints":{"allow":["GET"]}}],"collection":[{"href":"https:\/\/frackjewelry.com\/index.php\/wp-json\/wp\/v2\/product"}],"about":[{"href":"https:\/\/frackjewelry.com\/index.php\/wp-json\/wp\/v2\/types\/product"}],"replies":[{"embeddable":true,"href":"https:\/\/frackjewelry.com\/index.php\/wp-json\/wp\/v2\/comments?post=1741"}],"wp:featuredmedia":[{"embeddable":true,"href":"https:\/\/frackjewelry.com\/index.php\/wp-json\/wp\/v2\/media\/1742"}],"wp:attachment":[{"href":"https:\/\/frackjewelry.com\/index.php\/wp-json\/wp\/v2\/media?parent=1741"}],"wp:term":[{"taxonomy":"product_brand","embeddable":true,"href":"https:\/\/frackjewelry.com\/index.php\/wp-json\/wp\/v2\/product_brand?post=1741"},{"taxonomy":"product_cat","embeddable":true,"href":"https:\/\/frackjewelry.com\/index.php\/wp-json\/wp\/v2\/product_cat?post=1741"},{"taxonomy":"product_tag","embeddable":true,"href":"https:\/\/frackjewelry.com\/index.php\/wp-json\/wp\/v2\/product_tag?post=1741"}],"curies":[{"name":"wp","href":"https:\/\/api.w.org\/{rel}","templated":true}]}}