{"id":1842,"date":"2024-02-15T13:33:36","date_gmt":"2024-02-15T19:33:36","guid":{"rendered":"https:\/\/frackjewelry.com\/?post_type=product&#038;p=1842"},"modified":"2024-04-23T12:52:32","modified_gmt":"2024-04-23T18:52:32","slug":"trian-claro-titanio","status":"publish","type":"product","link":"https:\/\/frackjewelry.com\/index.php\/producto\/trian-claro-titanio\/","title":{"rendered":"Trian Claro Titanio"},"content":{"rendered":"<div>\n<p>Esta pieza es exclusiva ya que es titanio de la mejor calidad<\/p>\n<\/div>\n<div>\n<p>El mejor metal para todas tus perforaciones, metal puro de titanio ASTM F-136, metal hipoalerg\u00e9nico, m\u00e1s ligero y excelente calidad en cada detalle de las piezas.<\/p>\n<\/div>\n<div>\n<p>Metal biocompatible, m\u00e1s aceptado por nuestro organismo, ayuda a la cicatrizaci\u00f3n de tu perforaci\u00f3n, las piezas de titanio en color no cambian ya que el color es propio del metal.<\/p>\n<\/div>\n<div>\n<p>Cuidado de joyer\u00eda: evitar contacto con cremas, perfumes, etc. Limpia con frecuencia para mantener el brillo, evita l\u00edquidos no aptos para la joyer\u00eda, s\u00e9calas perfectamente.<\/p>\n<\/div>\n<div>\n<p>Contamos con nuestro propio fabricante por el cual la calidad de nuestra joyer\u00eda es de alta y excelencia \u00a0calidad.<\/p>\n<\/div>\n<div>\n<p><span lang=\"ES-TRAD\">Aseg\u00farate que las medidas de la joyeria son las que necesitas, ya que no realizamos cambios, devoluciones, ni reembolsos por compra err\u00f3nea.<\/span><\/p>\n<\/div>\n<div>\n<p>nuestra joyer\u00eda de titanio no se despinta, no mancha o le ocurren efectos. no apliques productos no aptos para seguir obteniendo el brillo de la pieza y de las piedras<\/p>\n<\/div>\n","protected":false},"excerpt":{"rendered":"<p>16g 1.2mm de grosor<\/p>\n","protected":false},"featured_media":1843,"comment_status":"open","ping_status":"closed","template":"","meta":{"_gspb_post_css":"","_uag_custom_page_level_css":""},"product_brand":[],"product_cat":[37,36],"product_tag":[],"class_list":{"0":"post-1842","1":"product","2":"type-product","3":"status-publish","4":"has-post-thumbnail","6":"product_cat-rectos-helix-lobulo","7":"product_cat-tototitanio","8":"pa_color-silver","9":"pa_color-gold","11":"first","12":"instock","13":"taxable","14":"shipping-taxable","15":"purchasable","16":"product-type-variable"},"uagb_featured_image_src":{"full":["https:\/\/frackjewelry.com\/wp-content\/uploads\/2024\/02\/b1d6462e-5933-49bb-877c-6d9e0c55e73c.jpg",1280,1280,false],"thumbnail":["https:\/\/frackjewelry.com\/wp-content\/uploads\/2024\/02\/b1d6462e-5933-49bb-877c-6d9e0c55e73c-150x150.jpg",150,150,true],"medium":["https:\/\/frackjewelry.com\/wp-content\/uploads\/2024\/02\/b1d6462e-5933-49bb-877c-6d9e0c55e73c-300x300.jpg",300,300,true],"medium_large":["https:\/\/frackjewelry.com\/wp-content\/uploads\/2024\/02\/b1d6462e-5933-49bb-877c-6d9e0c55e73c-768x768.jpg",768,768,true],"large":["https:\/\/frackjewelry.com\/wp-content\/uploads\/2024\/02\/b1d6462e-5933-49bb-877c-6d9e0c55e73c-1024x1024.jpg",1020,1020,true],"1536x1536":["https:\/\/frackjewelry.com\/wp-content\/uploads\/2024\/02\/b1d6462e-5933-49bb-877c-6d9e0c55e73c.jpg",1280,1280,false],"2048x2048":["https:\/\/frackjewelry.com\/wp-content\/uploads\/2024\/02\/b1d6462e-5933-49bb-877c-6d9e0c55e73c.jpg",1280,1280,false],"blossom-feminine-slider":["https:\/\/frackjewelry.com\/wp-content\/uploads\/2024\/02\/b1d6462e-5933-49bb-877c-6d9e0c55e73c.jpg",649,649,false],"blossom-feminine-featured":["https:\/\/frackjewelry.com\/wp-content\/uploads\/2024\/02\/b1d6462e-5933-49bb-877c-6d9e0c55e73c.jpg",600,600,false],"blossom-feminine-with-sidebar":["https:\/\/frackjewelry.com\/wp-content\/uploads\/2024\/02\/b1d6462e-5933-49bb-877c-6d9e0c55e73c.jpg",600,600,false],"blossom-feminine-blog":["https:\/\/frackjewelry.com\/wp-content\/uploads\/2024\/02\/b1d6462e-5933-49bb-877c-6d9e0c55e73c.jpg",435,435,false],"blossom-feminine-cat":["https:\/\/frackjewelry.com\/wp-content\/uploads\/2024\/02\/b1d6462e-5933-49bb-877c-6d9e0c55e73c.jpg",300,300,false],"blossom-feminine-related":["https:\/\/frackjewelry.com\/wp-content\/uploads\/2024\/02\/b1d6462e-5933-49bb-877c-6d9e0c55e73c.jpg",200,200,false],"woocommerce_thumbnail":["https:\/\/frackjewelry.com\/wp-content\/uploads\/2024\/02\/b1d6462e-5933-49bb-877c-6d9e0c55e73c-300x300.jpg",300,300,true],"woocommerce_single":["https:\/\/frackjewelry.com\/wp-content\/uploads\/2024\/02\/b1d6462e-5933-49bb-877c-6d9e0c55e73c-700x700.jpg",700,700,true],"woocommerce_gallery_thumbnail":["https:\/\/frackjewelry.com\/wp-content\/uploads\/2024\/02\/b1d6462e-5933-49bb-877c-6d9e0c55e73c-300x300.jpg",300,300,true],"wcpr-photo-reviews":["https:\/\/frackjewelry.com\/wp-content\/uploads\/2024\/02\/b1d6462e-5933-49bb-877c-6d9e0c55e73c.jpg",500,500,false],"variation_swatches_image_size":["https:\/\/frackjewelry.com\/wp-content\/uploads\/2024\/02\/b1d6462e-5933-49bb-877c-6d9e0c55e73c-50x50.jpg",50,50,true],"variation_swatches_tooltip_size":["https:\/\/frackjewelry.com\/wp-content\/uploads\/2024\/02\/b1d6462e-5933-49bb-877c-6d9e0c55e73c-100x100.jpg",100,100,true]},"uagb_author_info":{"display_name":"frackjewelry.com","author_link":"https:\/\/frackjewelry.com\/index.php\/author\/"},"uagb_comment_info":0,"uagb_excerpt":"16g 1.2mm de grosor","_links":{"self":[{"href":"https:\/\/frackjewelry.com\/index.php\/wp-json\/wp\/v2\/product\/1842","targetHints":{"allow":["GET"]}}],"collection":[{"href":"https:\/\/frackjewelry.com\/index.php\/wp-json\/wp\/v2\/product"}],"about":[{"href":"https:\/\/frackjewelry.com\/index.php\/wp-json\/wp\/v2\/types\/product"}],"replies":[{"embeddable":true,"href":"https:\/\/frackjewelry.com\/index.php\/wp-json\/wp\/v2\/comments?post=1842"}],"wp:featuredmedia":[{"embeddable":true,"href":"https:\/\/frackjewelry.com\/index.php\/wp-json\/wp\/v2\/media\/1843"}],"wp:attachment":[{"href":"https:\/\/frackjewelry.com\/index.php\/wp-json\/wp\/v2\/media?parent=1842"}],"wp:term":[{"taxonomy":"product_brand","embeddable":true,"href":"https:\/\/frackjewelry.com\/index.php\/wp-json\/wp\/v2\/product_brand?post=1842"},{"taxonomy":"product_cat","embeddable":true,"href":"https:\/\/frackjewelry.com\/index.php\/wp-json\/wp\/v2\/product_cat?post=1842"},{"taxonomy":"product_tag","embeddable":true,"href":"https:\/\/frackjewelry.com\/index.php\/wp-json\/wp\/v2\/product_tag?post=1842"}],"curies":[{"name":"wp","href":"https:\/\/api.w.org\/{rel}","templated":true}]}}