{"id":1864,"date":"2024-03-07T19:58:04","date_gmt":"2024-03-08T01:58:04","guid":{"rendered":"https:\/\/frackjewelry.com\/?post_type=product&#038;p=1864"},"modified":"2024-03-07T19:58:04","modified_gmt":"2024-03-08T01:58:04","slug":"open-plier","status":"publish","type":"product","link":"https:\/\/frackjewelry.com\/index.php\/producto\/open-plier\/","title":{"rendered":"Open Plier"},"content":{"rendered":"<p>Pinza o forcep<\/p>\n<p>tiene fuerza para poder abrir argollas r\u00edgidas sin tanta complicaci\u00f3n<\/p>\n<p>presentaci\u00f3n de metal de acero inoxidable<\/p>\n<p>se puede esterilizar<\/p>\n<p>&nbsp;<\/p>\n","protected":false},"excerpt":{"rendered":"<p>Pinza o forcep tiene fuerza para poder abrir argollas r\u00edgidas sin tanta complicaci\u00f3n presentaci\u00f3n de metal de acero inoxidable se puede esterilizar &nbsp;<\/p>\n","protected":false},"featured_media":1865,"comment_status":"open","ping_status":"closed","template":"","meta":{"_gspb_post_css":"","_uag_custom_page_level_css":""},"product_brand":[],"product_cat":[74],"product_tag":[],"class_list":{"0":"post-1864","1":"product","2":"type-product","3":"status-publish","4":"has-post-thumbnail","6":"product_cat-insumos-para-perforadores","8":"first","9":"instock","10":"taxable","11":"shipping-taxable","12":"purchasable","13":"product-type-simple"},"uagb_featured_image_src":{"full":["https:\/\/frackjewelry.com\/wp-content\/uploads\/2024\/03\/PhotoRoom_20240307_75441-p.m.jpg",949,949,false],"thumbnail":["https:\/\/frackjewelry.com\/wp-content\/uploads\/2024\/03\/PhotoRoom_20240307_75441-p.m-150x150.jpg",150,150,true],"medium":["https:\/\/frackjewelry.com\/wp-content\/uploads\/2024\/03\/PhotoRoom_20240307_75441-p.m-300x300.jpg",300,300,true],"medium_large":["https:\/\/frackjewelry.com\/wp-content\/uploads\/2024\/03\/PhotoRoom_20240307_75441-p.m-768x768.jpg",768,768,true],"large":["https:\/\/frackjewelry.com\/wp-content\/uploads\/2024\/03\/PhotoRoom_20240307_75441-p.m.jpg",949,949,false],"1536x1536":["https:\/\/frackjewelry.com\/wp-content\/uploads\/2024\/03\/PhotoRoom_20240307_75441-p.m.jpg",949,949,false],"2048x2048":["https:\/\/frackjewelry.com\/wp-content\/uploads\/2024\/03\/PhotoRoom_20240307_75441-p.m.jpg",949,949,false],"blossom-feminine-slider":["https:\/\/frackjewelry.com\/wp-content\/uploads\/2024\/03\/PhotoRoom_20240307_75441-p.m.jpg",649,649,false],"blossom-feminine-featured":["https:\/\/frackjewelry.com\/wp-content\/uploads\/2024\/03\/PhotoRoom_20240307_75441-p.m.jpg",600,600,false],"blossom-feminine-with-sidebar":["https:\/\/frackjewelry.com\/wp-content\/uploads\/2024\/03\/PhotoRoom_20240307_75441-p.m.jpg",600,600,false],"blossom-feminine-blog":["https:\/\/frackjewelry.com\/wp-content\/uploads\/2024\/03\/PhotoRoom_20240307_75441-p.m.jpg",435,435,false],"blossom-feminine-cat":["https:\/\/frackjewelry.com\/wp-content\/uploads\/2024\/03\/PhotoRoom_20240307_75441-p.m.jpg",300,300,false],"blossom-feminine-related":["https:\/\/frackjewelry.com\/wp-content\/uploads\/2024\/03\/PhotoRoom_20240307_75441-p.m.jpg",200,200,false],"woocommerce_thumbnail":["https:\/\/frackjewelry.com\/wp-content\/uploads\/2024\/03\/PhotoRoom_20240307_75441-p.m-300x300.jpg",300,300,true],"woocommerce_single":["https:\/\/frackjewelry.com\/wp-content\/uploads\/2024\/03\/PhotoRoom_20240307_75441-p.m-700x700.jpg",700,700,true],"woocommerce_gallery_thumbnail":["https:\/\/frackjewelry.com\/wp-content\/uploads\/2024\/03\/PhotoRoom_20240307_75441-p.m-300x300.jpg",300,300,true],"wcpr-photo-reviews":["https:\/\/frackjewelry.com\/wp-content\/uploads\/2024\/03\/PhotoRoom_20240307_75441-p.m.jpg",500,500,false],"variation_swatches_image_size":["https:\/\/frackjewelry.com\/wp-content\/uploads\/2024\/03\/PhotoRoom_20240307_75441-p.m-50x50.jpg",50,50,true],"variation_swatches_tooltip_size":["https:\/\/frackjewelry.com\/wp-content\/uploads\/2024\/03\/PhotoRoom_20240307_75441-p.m-100x100.jpg",100,100,true]},"uagb_author_info":{"display_name":"frackjewelry.com","author_link":"https:\/\/frackjewelry.com\/index.php\/author\/"},"uagb_comment_info":0,"uagb_excerpt":"Pinza o forcep tiene fuerza para poder abrir argollas r\u00edgidas sin tanta complicaci\u00f3n presentaci\u00f3n de metal de acero inoxidable se puede esterilizar &nbsp;","_links":{"self":[{"href":"https:\/\/frackjewelry.com\/index.php\/wp-json\/wp\/v2\/product\/1864","targetHints":{"allow":["GET"]}}],"collection":[{"href":"https:\/\/frackjewelry.com\/index.php\/wp-json\/wp\/v2\/product"}],"about":[{"href":"https:\/\/frackjewelry.com\/index.php\/wp-json\/wp\/v2\/types\/product"}],"replies":[{"embeddable":true,"href":"https:\/\/frackjewelry.com\/index.php\/wp-json\/wp\/v2\/comments?post=1864"}],"wp:featuredmedia":[{"embeddable":true,"href":"https:\/\/frackjewelry.com\/index.php\/wp-json\/wp\/v2\/media\/1865"}],"wp:attachment":[{"href":"https:\/\/frackjewelry.com\/index.php\/wp-json\/wp\/v2\/media?parent=1864"}],"wp:term":[{"taxonomy":"product_brand","embeddable":true,"href":"https:\/\/frackjewelry.com\/index.php\/wp-json\/wp\/v2\/product_brand?post=1864"},{"taxonomy":"product_cat","embeddable":true,"href":"https:\/\/frackjewelry.com\/index.php\/wp-json\/wp\/v2\/product_cat?post=1864"},{"taxonomy":"product_tag","embeddable":true,"href":"https:\/\/frackjewelry.com\/index.php\/wp-json\/wp\/v2\/product_tag?post=1864"}],"curies":[{"name":"wp","href":"https:\/\/api.w.org\/{rel}","templated":true}]}}