{"id":2167,"date":"2024-04-09T14:58:00","date_gmt":"2024-04-09T20:58:00","guid":{"rendered":"https:\/\/frackjewelry.com\/?post_type=product&#038;p=2167"},"modified":"2024-10-04T14:09:02","modified_gmt":"2024-10-04T20:09:02","slug":"cruz-colgante-par","status":"publish","type":"product","link":"https:\/\/frackjewelry.com\/index.php\/producto\/cruz-colgante-par\/","title":{"rendered":"Cruz Colgante Par"},"content":{"rendered":"<p>Pendiente de argolla para hombres y mujeres<\/p>\n<p>tenemos color disponible en silver y en black<\/p>\n<p>material 100% acero quir\u00fargico solido<\/p>\n<p style=\"font-weight: 400;\">Caracter\u00edsticas: Acero grado quir\u00fargico 316L, esta pieza est\u00e1 dise\u00f1ada para ser biocompatible. Producto profesional. Las piezas de color son ba\u00f1adas en titanio, por el cual el pH puede ocasionar cambios en la capa de ba\u00f1o de color en las piezas. Aseg\u00farate que las medidas de la joyeria son las que necesitas, ya que no realizamos cambios, devoluciones, ni reembolsos por compra err\u00f3nea. Cuidados de la joyer\u00eda: evitar contacto con cremas, perfumes, etc. Limpia con frecuencia para mantener el brillo, evita l\u00edquidos no aptos para la joyer\u00eda, s\u00e9calas perfectamente.<\/p>\n","protected":false},"excerpt":{"rendered":"<p>Pendiente de argolla para hombres y mujeres tenemos color disponible en silver y en black material 100% acero quir\u00fargico solido Caracter\u00edsticas: Acero grado quir\u00fargico 316L, esta pieza est\u00e1 dise\u00f1ada para ser biocompatible. Producto profesional. Las piezas de color son ba\u00f1adas &hellip; <\/p>\n","protected":false},"featured_media":2168,"comment_status":"open","ping_status":"closed","template":"","meta":{"_gspb_post_css":"","_uag_custom_page_level_css":""},"product_brand":[],"product_cat":[39,35],"product_tag":[],"class_list":{"0":"post-2167","1":"product","2":"type-product","3":"status-publish","4":"has-post-thumbnail","6":"product_cat-argollas","7":"product_cat-aceroquirurgico","8":"pa_color-bk","9":"pa_color-silver","11":"first","12":"instock","13":"taxable","14":"shipping-taxable","15":"purchasable","16":"product-type-variable"},"uagb_featured_image_src":{"full":["https:\/\/frackjewelry.com\/wp-content\/uploads\/2024\/04\/IMG_9709.jpg",1284,1284,false],"thumbnail":["https:\/\/frackjewelry.com\/wp-content\/uploads\/2024\/04\/IMG_9709-150x150.jpg",150,150,true],"medium":["https:\/\/frackjewelry.com\/wp-content\/uploads\/2024\/04\/IMG_9709-300x300.jpg",300,300,true],"medium_large":["https:\/\/frackjewelry.com\/wp-content\/uploads\/2024\/04\/IMG_9709-768x768.jpg",768,768,true],"large":["https:\/\/frackjewelry.com\/wp-content\/uploads\/2024\/04\/IMG_9709-1024x1024.jpg",1020,1020,true],"1536x1536":["https:\/\/frackjewelry.com\/wp-content\/uploads\/2024\/04\/IMG_9709.jpg",1284,1284,false],"2048x2048":["https:\/\/frackjewelry.com\/wp-content\/uploads\/2024\/04\/IMG_9709.jpg",1284,1284,false],"blossom-feminine-slider":["https:\/\/frackjewelry.com\/wp-content\/uploads\/2024\/04\/IMG_9709.jpg",649,649,false],"blossom-feminine-featured":["https:\/\/frackjewelry.com\/wp-content\/uploads\/2024\/04\/IMG_9709.jpg",600,600,false],"blossom-feminine-with-sidebar":["https:\/\/frackjewelry.com\/wp-content\/uploads\/2024\/04\/IMG_9709.jpg",600,600,false],"blossom-feminine-blog":["https:\/\/frackjewelry.com\/wp-content\/uploads\/2024\/04\/IMG_9709.jpg",435,435,false],"blossom-feminine-cat":["https:\/\/frackjewelry.com\/wp-content\/uploads\/2024\/04\/IMG_9709.jpg",300,300,false],"blossom-feminine-related":["https:\/\/frackjewelry.com\/wp-content\/uploads\/2024\/04\/IMG_9709.jpg",200,200,false],"woocommerce_thumbnail":["https:\/\/frackjewelry.com\/wp-content\/uploads\/2024\/04\/IMG_9709-300x300.jpg",300,300,true],"woocommerce_single":["https:\/\/frackjewelry.com\/wp-content\/uploads\/2024\/04\/IMG_9709-700x700.jpg",700,700,true],"woocommerce_gallery_thumbnail":["https:\/\/frackjewelry.com\/wp-content\/uploads\/2024\/04\/IMG_9709-300x300.jpg",300,300,true],"wcpr-photo-reviews":["https:\/\/frackjewelry.com\/wp-content\/uploads\/2024\/04\/IMG_9709.jpg",500,500,false],"variation_swatches_image_size":["https:\/\/frackjewelry.com\/wp-content\/uploads\/2024\/04\/IMG_9709-50x50.jpg",50,50,true],"variation_swatches_tooltip_size":["https:\/\/frackjewelry.com\/wp-content\/uploads\/2024\/04\/IMG_9709-100x100.jpg",100,100,true]},"uagb_author_info":{"display_name":"frackjewelry.com","author_link":"https:\/\/frackjewelry.com\/index.php\/author\/"},"uagb_comment_info":0,"uagb_excerpt":"Pendiente de argolla para hombres y mujeres tenemos color disponible en silver y en black material 100% acero quir\u00fargico solido Caracter\u00edsticas: Acero grado quir\u00fargico 316L, esta pieza est\u00e1 dise\u00f1ada para ser biocompatible. Producto profesional. Las piezas de color son ba\u00f1adas &hellip;","_links":{"self":[{"href":"https:\/\/frackjewelry.com\/index.php\/wp-json\/wp\/v2\/product\/2167","targetHints":{"allow":["GET"]}}],"collection":[{"href":"https:\/\/frackjewelry.com\/index.php\/wp-json\/wp\/v2\/product"}],"about":[{"href":"https:\/\/frackjewelry.com\/index.php\/wp-json\/wp\/v2\/types\/product"}],"replies":[{"embeddable":true,"href":"https:\/\/frackjewelry.com\/index.php\/wp-json\/wp\/v2\/comments?post=2167"}],"wp:featuredmedia":[{"embeddable":true,"href":"https:\/\/frackjewelry.com\/index.php\/wp-json\/wp\/v2\/media\/2168"}],"wp:attachment":[{"href":"https:\/\/frackjewelry.com\/index.php\/wp-json\/wp\/v2\/media?parent=2167"}],"wp:term":[{"taxonomy":"product_brand","embeddable":true,"href":"https:\/\/frackjewelry.com\/index.php\/wp-json\/wp\/v2\/product_brand?post=2167"},{"taxonomy":"product_cat","embeddable":true,"href":"https:\/\/frackjewelry.com\/index.php\/wp-json\/wp\/v2\/product_cat?post=2167"},{"taxonomy":"product_tag","embeddable":true,"href":"https:\/\/frackjewelry.com\/index.php\/wp-json\/wp\/v2\/product_tag?post=2167"}],"curies":[{"name":"wp","href":"https:\/\/api.w.org\/{rel}","templated":true}]}}