{"id":2239,"date":"2024-04-10T19:52:25","date_gmt":"2024-04-11T01:52:25","guid":{"rendered":"https:\/\/frackjewelry.com\/?post_type=product&#038;p=2239"},"modified":"2024-04-10T19:52:26","modified_gmt":"2024-04-11T01:52:26","slug":"destiny-pink-argolla-titanio","status":"publish","type":"product","link":"https:\/\/frackjewelry.com\/index.php\/producto\/destiny-pink-argolla-titanio\/","title":{"rendered":"Destiny pink Argolla Titanio"},"content":{"rendered":"<p>ideal para septum o daith<br \/>\ntraemos para ti<br \/>\nesta linda argolla con zirconias de hoja en claro y rosa<br \/>\nde 8 y 10 mm<br \/>\nEsta pieza es exclusiva ya que es titanio de la mejor calidad<br \/>\nEl mejor metal para todas tus perforaciones, metal puro de titanio ASTM F-136, metal hipoalerg\u00e9nico, m\u00e1s ligero y excelente calidad en cada detalle de las piezas.<br \/>\nMetal biocompatible, m\u00e1s aceptado por nuestro organismo, ayuda a la cicatrizaci\u00f3n de tu perforaci\u00f3n, las piezas de titanio en color no cambian ya que el color es propio del metal.<br \/>\nCuidado de joyer\u00eda: evitar contacto con cremas, perfumes, etc. Limpia con frecuencia para mantener el brillo, evita l\u00edquidos no aptos para la joyer\u00eda, s\u00e9calas perfectamente.<br \/>\nContamos con nuestro propio fabricante por el cual la calidad de nuestra joyer\u00eda es de alta y excelencia  calidad.<br \/>\nAseg\u00farate que las medidas de la joyeria son las que necesitas, ya que no realizamos cambios, devoluciones, ni reembolsos por compra err\u00f3nea.<br \/>\nnuestra joyer\u00eda de titanio no se despinta, no mancha o le ocurren efectos. no apliques productos no aptos para seguir obteniendo el brillo de la pieza y de las piedras<\/p>\n","protected":false},"excerpt":{"rendered":"<p>ideal para septum o daith traemos para ti esta linda argolla con zirconias de hoja en claro y rosa de 8 y 10 mm Esta pieza es exclusiva ya que es titanio de la mejor calidad El mejor metal para &hellip; <\/p>\n","protected":false},"featured_media":2240,"comment_status":"open","ping_status":"closed","template":"","meta":{"_gspb_post_css":"","_uag_custom_page_level_css":""},"product_brand":[],"product_cat":[39,20,36],"product_tag":[],"class_list":{"0":"post-2239","1":"product","2":"type-product","3":"status-publish","4":"has-post-thumbnail","6":"product_cat-argollas","7":"product_cat-sepydai","8":"product_cat-tototitanio","9":"pa_color-silver","10":"pa_color-gold","12":"first","13":"instock","14":"taxable","15":"shipping-taxable","16":"purchasable","17":"product-type-variable"},"uagb_featured_image_src":{"full":["https:\/\/frackjewelry.com\/wp-content\/uploads\/2024\/04\/IMG_9764.jpg",1284,1284,false],"thumbnail":["https:\/\/frackjewelry.com\/wp-content\/uploads\/2024\/04\/IMG_9764-150x150.jpg",150,150,true],"medium":["https:\/\/frackjewelry.com\/wp-content\/uploads\/2024\/04\/IMG_9764-300x300.jpg",300,300,true],"medium_large":["https:\/\/frackjewelry.com\/wp-content\/uploads\/2024\/04\/IMG_9764-768x768.jpg",768,768,true],"large":["https:\/\/frackjewelry.com\/wp-content\/uploads\/2024\/04\/IMG_9764-1024x1024.jpg",1020,1020,true],"1536x1536":["https:\/\/frackjewelry.com\/wp-content\/uploads\/2024\/04\/IMG_9764.jpg",1284,1284,false],"2048x2048":["https:\/\/frackjewelry.com\/wp-content\/uploads\/2024\/04\/IMG_9764.jpg",1284,1284,false],"blossom-feminine-slider":["https:\/\/frackjewelry.com\/wp-content\/uploads\/2024\/04\/IMG_9764.jpg",649,649,false],"blossom-feminine-featured":["https:\/\/frackjewelry.com\/wp-content\/uploads\/2024\/04\/IMG_9764.jpg",600,600,false],"blossom-feminine-with-sidebar":["https:\/\/frackjewelry.com\/wp-content\/uploads\/2024\/04\/IMG_9764.jpg",600,600,false],"blossom-feminine-blog":["https:\/\/frackjewelry.com\/wp-content\/uploads\/2024\/04\/IMG_9764.jpg",435,435,false],"blossom-feminine-cat":["https:\/\/frackjewelry.com\/wp-content\/uploads\/2024\/04\/IMG_9764.jpg",300,300,false],"blossom-feminine-related":["https:\/\/frackjewelry.com\/wp-content\/uploads\/2024\/04\/IMG_9764.jpg",200,200,false],"woocommerce_thumbnail":["https:\/\/frackjewelry.com\/wp-content\/uploads\/2024\/04\/IMG_9764-300x300.jpg",300,300,true],"woocommerce_single":["https:\/\/frackjewelry.com\/wp-content\/uploads\/2024\/04\/IMG_9764-700x700.jpg",700,700,true],"woocommerce_gallery_thumbnail":["https:\/\/frackjewelry.com\/wp-content\/uploads\/2024\/04\/IMG_9764-300x300.jpg",300,300,true],"wcpr-photo-reviews":["https:\/\/frackjewelry.com\/wp-content\/uploads\/2024\/04\/IMG_9764.jpg",500,500,false],"variation_swatches_image_size":["https:\/\/frackjewelry.com\/wp-content\/uploads\/2024\/04\/IMG_9764-50x50.jpg",50,50,true],"variation_swatches_tooltip_size":["https:\/\/frackjewelry.com\/wp-content\/uploads\/2024\/04\/IMG_9764-100x100.jpg",100,100,true]},"uagb_author_info":{"display_name":"frackjewelry.com","author_link":"https:\/\/frackjewelry.com\/index.php\/author\/"},"uagb_comment_info":0,"uagb_excerpt":"ideal para septum o daith traemos para ti esta linda argolla con zirconias de hoja en claro y rosa de 8 y 10 mm Esta pieza es exclusiva ya que es titanio de la mejor calidad El mejor metal para &hellip;","_links":{"self":[{"href":"https:\/\/frackjewelry.com\/index.php\/wp-json\/wp\/v2\/product\/2239","targetHints":{"allow":["GET"]}}],"collection":[{"href":"https:\/\/frackjewelry.com\/index.php\/wp-json\/wp\/v2\/product"}],"about":[{"href":"https:\/\/frackjewelry.com\/index.php\/wp-json\/wp\/v2\/types\/product"}],"replies":[{"embeddable":true,"href":"https:\/\/frackjewelry.com\/index.php\/wp-json\/wp\/v2\/comments?post=2239"}],"wp:featuredmedia":[{"embeddable":true,"href":"https:\/\/frackjewelry.com\/index.php\/wp-json\/wp\/v2\/media\/2240"}],"wp:attachment":[{"href":"https:\/\/frackjewelry.com\/index.php\/wp-json\/wp\/v2\/media?parent=2239"}],"wp:term":[{"taxonomy":"product_brand","embeddable":true,"href":"https:\/\/frackjewelry.com\/index.php\/wp-json\/wp\/v2\/product_brand?post=2239"},{"taxonomy":"product_cat","embeddable":true,"href":"https:\/\/frackjewelry.com\/index.php\/wp-json\/wp\/v2\/product_cat?post=2239"},{"taxonomy":"product_tag","embeddable":true,"href":"https:\/\/frackjewelry.com\/index.php\/wp-json\/wp\/v2\/product_tag?post=2239"}],"curies":[{"name":"wp","href":"https:\/\/api.w.org\/{rel}","templated":true}]}}