{"id":2589,"date":"2024-05-03T13:46:53","date_gmt":"2024-05-03T19:46:53","guid":{"rendered":"https:\/\/frackjewelry.com\/?post_type=product&#038;p=2589"},"modified":"2024-05-03T13:48:51","modified_gmt":"2024-05-03T19:48:51","slug":"cadena-sencilla-titanio","status":"publish","type":"product","link":"https:\/\/frackjewelry.com\/index.php\/producto\/cadena-sencilla-titanio\/","title":{"rendered":"Cadena Sencilla Titanio"},"content":{"rendered":"<p>Cadena de titanio de diferentes medidas<br \/>\npuedes utilizar en nostril oreja como super lobe undistrial<br \/>\npuedes armar tu joyer\u00eda con cadena y tus labret<br \/>\nqueda con cualquier labret y joyer\u00eda de nostril<br \/>\nEsta pieza es exclusiva ya que es titanio de la mejor calidad<br \/>\nEl mejor metal para todas tus perforaciones, metal puro de titanio ASTM F-136, metal hipoalerg\u00e9nico, m\u00e1s ligero y excelente calidad en cada detalle de las piezas.<br \/>\nMetal biocompatible, m\u00e1s aceptado por nuestro organismo, ayuda a la cicatrizaci\u00f3n de tu perforaci\u00f3n, las piezas de titanio en color no cambian ya que el color es propio del metal.<br \/>\nCuidado de joyer\u00eda: evitar contacto con cremas, perfumes, etc. Limpia con frecuencia para mantener el brillo, evita l\u00edquidos no aptos para la joyer\u00eda, s\u00e9calas perfectamente.<br \/>\nContamos con nuestro propio fabricante por el cual la calidad de nuestra joyer\u00eda es de alta y excelencia  calidad.<br \/>\nAseg\u00farate que las medidas de la joyeria son las que necesitas, ya que no realizamos cambios, devoluciones, ni reembolsos por compra err\u00f3nea.<br \/>\nnuestra joyer\u00eda de titanio no se despinta, no mancha o le ocurren efectos. no apliques productos no aptos para seguir obteniendo el brillo de la pieza y de las piedras<\/p>\n","protected":false},"excerpt":{"rendered":"<p>Cadena de titanio de diferentes medidas puedes utilizar en nostril oreja como super lobe undistrial puedes armar tu joyer\u00eda con cadena y tus labret queda con cualquier labret y joyer\u00eda de nostril Esta pieza es exclusiva ya que es titanio &hellip; <\/p>\n","protected":false},"featured_media":2593,"comment_status":"open","ping_status":"closed","template":"","meta":{"_gspb_post_css":"","_uag_custom_page_level_css":""},"product_brand":[],"product_cat":[36],"product_tag":[],"class_list":{"0":"post-2589","1":"product","2":"type-product","3":"status-publish","4":"has-post-thumbnail","6":"product_cat-tototitanio","8":"first","9":"instock","10":"taxable","11":"shipping-taxable","12":"purchasable","13":"product-type-variable"},"uagb_featured_image_src":{"full":["https:\/\/frackjewelry.com\/wp-content\/uploads\/2024\/05\/IMG_0529.jpg",493,493,false],"thumbnail":["https:\/\/frackjewelry.com\/wp-content\/uploads\/2024\/05\/IMG_0529-150x150.jpg",150,150,true],"medium":["https:\/\/frackjewelry.com\/wp-content\/uploads\/2024\/05\/IMG_0529-300x300.jpg",300,300,true],"medium_large":["https:\/\/frackjewelry.com\/wp-content\/uploads\/2024\/05\/IMG_0529.jpg",493,493,false],"large":["https:\/\/frackjewelry.com\/wp-content\/uploads\/2024\/05\/IMG_0529.jpg",493,493,false],"1536x1536":["https:\/\/frackjewelry.com\/wp-content\/uploads\/2024\/05\/IMG_0529.jpg",493,493,false],"2048x2048":["https:\/\/frackjewelry.com\/wp-content\/uploads\/2024\/05\/IMG_0529.jpg",493,493,false],"blossom-feminine-slider":["https:\/\/frackjewelry.com\/wp-content\/uploads\/2024\/05\/IMG_0529.jpg",493,493,false],"blossom-feminine-featured":["https:\/\/frackjewelry.com\/wp-content\/uploads\/2024\/05\/IMG_0529.jpg",493,493,false],"blossom-feminine-with-sidebar":["https:\/\/frackjewelry.com\/wp-content\/uploads\/2024\/05\/IMG_0529.jpg",493,493,false],"blossom-feminine-blog":["https:\/\/frackjewelry.com\/wp-content\/uploads\/2024\/05\/IMG_0529.jpg",435,435,false],"blossom-feminine-cat":["https:\/\/frackjewelry.com\/wp-content\/uploads\/2024\/05\/IMG_0529.jpg",300,300,false],"blossom-feminine-related":["https:\/\/frackjewelry.com\/wp-content\/uploads\/2024\/05\/IMG_0529.jpg",200,200,false],"woocommerce_thumbnail":["https:\/\/frackjewelry.com\/wp-content\/uploads\/2024\/05\/IMG_0529-300x300.jpg",300,300,true],"woocommerce_single":["https:\/\/frackjewelry.com\/wp-content\/uploads\/2024\/05\/IMG_0529.jpg",493,493,false],"woocommerce_gallery_thumbnail":["https:\/\/frackjewelry.com\/wp-content\/uploads\/2024\/05\/IMG_0529-300x300.jpg",300,300,true],"wcpr-photo-reviews":["https:\/\/frackjewelry.com\/wp-content\/uploads\/2024\/05\/IMG_0529.jpg",493,493,false],"variation_swatches_image_size":["https:\/\/frackjewelry.com\/wp-content\/uploads\/2024\/05\/IMG_0529-50x50.jpg",50,50,true],"variation_swatches_tooltip_size":["https:\/\/frackjewelry.com\/wp-content\/uploads\/2024\/05\/IMG_0529-100x100.jpg",100,100,true]},"uagb_author_info":{"display_name":"frackjewelry.com","author_link":"https:\/\/frackjewelry.com\/index.php\/author\/"},"uagb_comment_info":0,"uagb_excerpt":"Cadena de titanio de diferentes medidas puedes utilizar en nostril oreja como super lobe undistrial puedes armar tu joyer\u00eda con cadena y tus labret queda con cualquier labret y joyer\u00eda de nostril Esta pieza es exclusiva ya que es titanio &hellip;","_links":{"self":[{"href":"https:\/\/frackjewelry.com\/index.php\/wp-json\/wp\/v2\/product\/2589","targetHints":{"allow":["GET"]}}],"collection":[{"href":"https:\/\/frackjewelry.com\/index.php\/wp-json\/wp\/v2\/product"}],"about":[{"href":"https:\/\/frackjewelry.com\/index.php\/wp-json\/wp\/v2\/types\/product"}],"replies":[{"embeddable":true,"href":"https:\/\/frackjewelry.com\/index.php\/wp-json\/wp\/v2\/comments?post=2589"}],"wp:featuredmedia":[{"embeddable":true,"href":"https:\/\/frackjewelry.com\/index.php\/wp-json\/wp\/v2\/media\/2593"}],"wp:attachment":[{"href":"https:\/\/frackjewelry.com\/index.php\/wp-json\/wp\/v2\/media?parent=2589"}],"wp:term":[{"taxonomy":"product_brand","embeddable":true,"href":"https:\/\/frackjewelry.com\/index.php\/wp-json\/wp\/v2\/product_brand?post=2589"},{"taxonomy":"product_cat","embeddable":true,"href":"https:\/\/frackjewelry.com\/index.php\/wp-json\/wp\/v2\/product_cat?post=2589"},{"taxonomy":"product_tag","embeddable":true,"href":"https:\/\/frackjewelry.com\/index.php\/wp-json\/wp\/v2\/product_tag?post=2589"}],"curies":[{"name":"wp","href":"https:\/\/api.w.org\/{rel}","templated":true}]}}