{"id":2720,"date":"2024-10-06T16:22:43","date_gmt":"2024-10-06T22:22:43","guid":{"rendered":"https:\/\/frackjewelry.com\/?post_type=product&#038;p=2720"},"modified":"2024-10-06T16:22:43","modified_gmt":"2024-10-06T22:22:43","slug":"gota-zirconia-titanio","status":"publish","type":"product","link":"https:\/\/frackjewelry.com\/index.php\/producto\/gota-zirconia-titanio\/","title":{"rendered":"Gota Zirconia Titanio"},"content":{"rendered":"<p>joya de ombligo con titanio solido grado implante<br \/>\nun excelente modelo para todo nuestros clientes<br \/>\njoyer\u00eda exclusiva para clientes FRACK JEWELRY<br \/>\nenv\u00edos a Todo M\u00e9xico <\/p>\n","protected":false},"excerpt":{"rendered":"<p>joya de ombligo con titanio solido grado implante un excelente modelo para todo nuestros clientes joyer\u00eda exclusiva para clientes FRACK JEWELRY env\u00edos a Todo M\u00e9xico<\/p>\n","protected":false},"featured_media":2721,"comment_status":"open","ping_status":"closed","template":"","meta":{"_gspb_post_css":"","_uag_custom_page_level_css":""},"product_brand":[],"product_cat":[21,36],"product_tag":[],"class_list":{"0":"post-2720","1":"product","2":"type-product","3":"status-publish","4":"has-post-thumbnail","6":"product_cat-ombligo","7":"product_cat-tototitanio","9":"first","10":"instock","11":"taxable","12":"shipping-taxable","13":"purchasable","14":"product-type-simple"},"uagb_featured_image_src":{"full":["https:\/\/frackjewelry.com\/wp-content\/uploads\/2024\/10\/IMG_4168-2.jpg",1407,1407,false],"thumbnail":["https:\/\/frackjewelry.com\/wp-content\/uploads\/2024\/10\/IMG_4168-2-150x150.jpg",150,150,true],"medium":["https:\/\/frackjewelry.com\/wp-content\/uploads\/2024\/10\/IMG_4168-2-300x300.jpg",300,300,true],"medium_large":["https:\/\/frackjewelry.com\/wp-content\/uploads\/2024\/10\/IMG_4168-2-768x768.jpg",768,768,true],"large":["https:\/\/frackjewelry.com\/wp-content\/uploads\/2024\/10\/IMG_4168-2-1024x1024.jpg",1020,1020,true],"1536x1536":["https:\/\/frackjewelry.com\/wp-content\/uploads\/2024\/10\/IMG_4168-2.jpg",1407,1407,false],"2048x2048":["https:\/\/frackjewelry.com\/wp-content\/uploads\/2024\/10\/IMG_4168-2.jpg",1407,1407,false],"blossom-feminine-slider":["https:\/\/frackjewelry.com\/wp-content\/uploads\/2024\/10\/IMG_4168-2.jpg",649,649,false],"blossom-feminine-featured":["https:\/\/frackjewelry.com\/wp-content\/uploads\/2024\/10\/IMG_4168-2.jpg",600,600,false],"blossom-feminine-with-sidebar":["https:\/\/frackjewelry.com\/wp-content\/uploads\/2024\/10\/IMG_4168-2.jpg",600,600,false],"blossom-feminine-blog":["https:\/\/frackjewelry.com\/wp-content\/uploads\/2024\/10\/IMG_4168-2.jpg",435,435,false],"blossom-feminine-cat":["https:\/\/frackjewelry.com\/wp-content\/uploads\/2024\/10\/IMG_4168-2.jpg",300,300,false],"blossom-feminine-related":["https:\/\/frackjewelry.com\/wp-content\/uploads\/2024\/10\/IMG_4168-2.jpg",200,200,false],"woocommerce_thumbnail":["https:\/\/frackjewelry.com\/wp-content\/uploads\/2024\/10\/IMG_4168-2-300x300.jpg",300,300,true],"woocommerce_single":["https:\/\/frackjewelry.com\/wp-content\/uploads\/2024\/10\/IMG_4168-2-700x700.jpg",700,700,true],"woocommerce_gallery_thumbnail":["https:\/\/frackjewelry.com\/wp-content\/uploads\/2024\/10\/IMG_4168-2-300x300.jpg",300,300,true],"wcpr-photo-reviews":["https:\/\/frackjewelry.com\/wp-content\/uploads\/2024\/10\/IMG_4168-2.jpg",500,500,false],"variation_swatches_image_size":["https:\/\/frackjewelry.com\/wp-content\/uploads\/2024\/10\/IMG_4168-2-50x50.jpg",50,50,true],"variation_swatches_tooltip_size":["https:\/\/frackjewelry.com\/wp-content\/uploads\/2024\/10\/IMG_4168-2-100x100.jpg",100,100,true]},"uagb_author_info":{"display_name":"frackjewelry.com","author_link":"https:\/\/frackjewelry.com\/index.php\/author\/"},"uagb_comment_info":0,"uagb_excerpt":"joya de ombligo con titanio solido grado implante un excelente modelo para todo nuestros clientes joyer\u00eda exclusiva para clientes FRACK JEWELRY env\u00edos a Todo M\u00e9xico","_links":{"self":[{"href":"https:\/\/frackjewelry.com\/index.php\/wp-json\/wp\/v2\/product\/2720","targetHints":{"allow":["GET"]}}],"collection":[{"href":"https:\/\/frackjewelry.com\/index.php\/wp-json\/wp\/v2\/product"}],"about":[{"href":"https:\/\/frackjewelry.com\/index.php\/wp-json\/wp\/v2\/types\/product"}],"replies":[{"embeddable":true,"href":"https:\/\/frackjewelry.com\/index.php\/wp-json\/wp\/v2\/comments?post=2720"}],"wp:featuredmedia":[{"embeddable":true,"href":"https:\/\/frackjewelry.com\/index.php\/wp-json\/wp\/v2\/media\/2721"}],"wp:attachment":[{"href":"https:\/\/frackjewelry.com\/index.php\/wp-json\/wp\/v2\/media?parent=2720"}],"wp:term":[{"taxonomy":"product_brand","embeddable":true,"href":"https:\/\/frackjewelry.com\/index.php\/wp-json\/wp\/v2\/product_brand?post=2720"},{"taxonomy":"product_cat","embeddable":true,"href":"https:\/\/frackjewelry.com\/index.php\/wp-json\/wp\/v2\/product_cat?post=2720"},{"taxonomy":"product_tag","embeddable":true,"href":"https:\/\/frackjewelry.com\/index.php\/wp-json\/wp\/v2\/product_tag?post=2720"}],"curies":[{"name":"wp","href":"https:\/\/api.w.org\/{rel}","templated":true}]}}