{"id":71,"date":"2021-11-30T15:15:53","date_gmt":"2021-11-30T15:15:53","guid":{"rendered":"https:\/\/demo.creativethemes.com\/blocksy\/petsy\/?post_type=product&#038;p=71"},"modified":"2025-02-22T19:45:49","modified_gmt":"2025-02-23T01:45:49","slug":"nostril2","status":"publish","type":"product","link":"https:\/\/frackjewelry.com\/index.php\/producto\/nostril2\/","title":{"rendered":"Nostril Piedra Titanio"},"content":{"rendered":"<p style=\"font-weight: 400;\">El mejor metal para todas tus perforaciones, metal puro de titanio ASTM F-136, metal hipoalerg\u00e9nico, m\u00e1s ligero y excelente calidad en cada detalle de las piezas.<\/p>\n<p style=\"font-weight: 400;\">Metal biocompatible, m\u00e1s aceptado por nuestro organismo, ayuda a la cicatrizaci\u00f3n de tu perforaci\u00f3n, las piezas de titanio en color no cambian ya que el color es propio del metal.<\/p>\n<p style=\"font-weight: 400;\">Cuidado de joyer\u00eda: evitar contacto con cremas, perfumes, etc. Limpia con frecuencia para mantener el brillo, evita l\u00edquidos no aptos para la joyer\u00eda, s\u00e9calas perfectamente.<\/p>\n<p>Contamos con nuestro fabricante de joyer\u00eda, el cual nuestra calidad es de las mejores del mercado.<\/p>\n<p>Cada pieza de Titanio cuenta con garant\u00eda de 250 d\u00edas<\/p>\n","protected":false},"excerpt":{"rendered":"<p>18g<\/p>\n","protected":false},"featured_media":894,"comment_status":"open","ping_status":"closed","template":"","meta":{"_gspb_post_css":"","_uag_custom_page_level_css":""},"product_brand":[],"product_cat":[116,36],"product_tag":[105,53,102],"class_list":{"0":"post-71","1":"product","2":"type-product","3":"status-publish","4":"has-post-thumbnail","6":"product_cat-nostril","7":"product_cat-tototitanio","8":"product_tag-nostril","9":"product_tag-piercing","10":"product_tag-titanio","12":"first","13":"outofstock","14":"taxable","15":"shipping-taxable","16":"purchasable","17":"product-type-simple"},"uagb_featured_image_src":{"full":["https:\/\/frackjewelry.com\/wp-content\/uploads\/2021\/11\/IMG_7851.jpg",1233,1233,false],"thumbnail":["https:\/\/frackjewelry.com\/wp-content\/uploads\/2021\/11\/IMG_7851-150x150.jpg",150,150,true],"medium":["https:\/\/frackjewelry.com\/wp-content\/uploads\/2021\/11\/IMG_7851-300x300.jpg",300,300,true],"medium_large":["https:\/\/frackjewelry.com\/wp-content\/uploads\/2021\/11\/IMG_7851-768x768.jpg",768,768,true],"large":["https:\/\/frackjewelry.com\/wp-content\/uploads\/2021\/11\/IMG_7851-1024x1024.jpg",1020,1020,true],"1536x1536":["https:\/\/frackjewelry.com\/wp-content\/uploads\/2021\/11\/IMG_7851.jpg",1233,1233,false],"2048x2048":["https:\/\/frackjewelry.com\/wp-content\/uploads\/2021\/11\/IMG_7851.jpg",1233,1233,false],"blossom-feminine-slider":["https:\/\/frackjewelry.com\/wp-content\/uploads\/2021\/11\/IMG_7851.jpg",649,649,false],"blossom-feminine-featured":["https:\/\/frackjewelry.com\/wp-content\/uploads\/2021\/11\/IMG_7851.jpg",600,600,false],"blossom-feminine-with-sidebar":["https:\/\/frackjewelry.com\/wp-content\/uploads\/2021\/11\/IMG_7851.jpg",600,600,false],"blossom-feminine-blog":["https:\/\/frackjewelry.com\/wp-content\/uploads\/2021\/11\/IMG_7851.jpg",435,435,false],"blossom-feminine-cat":["https:\/\/frackjewelry.com\/wp-content\/uploads\/2021\/11\/IMG_7851.jpg",300,300,false],"blossom-feminine-related":["https:\/\/frackjewelry.com\/wp-content\/uploads\/2021\/11\/IMG_7851.jpg",200,200,false],"woocommerce_thumbnail":["https:\/\/frackjewelry.com\/wp-content\/uploads\/2021\/11\/IMG_7851-300x300.jpg",300,300,true],"woocommerce_single":["https:\/\/frackjewelry.com\/wp-content\/uploads\/2021\/11\/IMG_7851-700x700.jpg",700,700,true],"woocommerce_gallery_thumbnail":["https:\/\/frackjewelry.com\/wp-content\/uploads\/2021\/11\/IMG_7851-300x300.jpg",300,300,true],"wcpr-photo-reviews":["https:\/\/frackjewelry.com\/wp-content\/uploads\/2021\/11\/IMG_7851.jpg",500,500,false],"variation_swatches_image_size":["https:\/\/frackjewelry.com\/wp-content\/uploads\/2021\/11\/IMG_7851-50x50.jpg",50,50,true],"variation_swatches_tooltip_size":["https:\/\/frackjewelry.com\/wp-content\/uploads\/2021\/11\/IMG_7851-100x100.jpg",100,100,true]},"uagb_author_info":{"display_name":"frackjewelry.com","author_link":"https:\/\/frackjewelry.com\/index.php\/author\/"},"uagb_comment_info":0,"uagb_excerpt":"18g","_links":{"self":[{"href":"https:\/\/frackjewelry.com\/index.php\/wp-json\/wp\/v2\/product\/71","targetHints":{"allow":["GET"]}}],"collection":[{"href":"https:\/\/frackjewelry.com\/index.php\/wp-json\/wp\/v2\/product"}],"about":[{"href":"https:\/\/frackjewelry.com\/index.php\/wp-json\/wp\/v2\/types\/product"}],"replies":[{"embeddable":true,"href":"https:\/\/frackjewelry.com\/index.php\/wp-json\/wp\/v2\/comments?post=71"}],"wp:featuredmedia":[{"embeddable":true,"href":"https:\/\/frackjewelry.com\/index.php\/wp-json\/wp\/v2\/media\/894"}],"wp:attachment":[{"href":"https:\/\/frackjewelry.com\/index.php\/wp-json\/wp\/v2\/media?parent=71"}],"wp:term":[{"taxonomy":"product_brand","embeddable":true,"href":"https:\/\/frackjewelry.com\/index.php\/wp-json\/wp\/v2\/product_brand?post=71"},{"taxonomy":"product_cat","embeddable":true,"href":"https:\/\/frackjewelry.com\/index.php\/wp-json\/wp\/v2\/product_cat?post=71"},{"taxonomy":"product_tag","embeddable":true,"href":"https:\/\/frackjewelry.com\/index.php\/wp-json\/wp\/v2\/product_tag?post=71"}],"curies":[{"name":"wp","href":"https:\/\/api.w.org\/{rel}","templated":true}]}}