{"id":919,"date":"2023-12-19T16:09:53","date_gmt":"2023-12-19T22:09:53","guid":{"rendered":"https:\/\/frackjewelry.com\/?post_type=product&#038;p=919"},"modified":"2024-01-10T20:14:47","modified_gmt":"2024-01-11T02:14:47","slug":"colibri-titanio","status":"publish","type":"product","link":"https:\/\/frackjewelry.com\/index.php\/producto\/colibri-titanio\/","title":{"rendered":"Colibri Titanio"},"content":{"rendered":"<p style=\"font-weight: 400;\">El mejor metal para todas tus perforaciones, metal puro de titanio ASTM F-136, metal hipoalerg\u00e9nico, m\u00e1s ligero y excelente calidad en cada detalle de las piezas.<\/p>\n<p style=\"font-weight: 400;\">Metal biocompatible, m\u00e1s aceptado por nuestro organismo, ayuda a la cicatrizaci\u00f3n de tu perforaci\u00f3n, las piezas de titanio en color no cambian ya que el color es propio del metal.<\/p>\n<p style=\"font-weight: 400;\">Cuidado de joyer\u00eda: evitar contacto con cremas, perfumes, etc. Limpia con frecuencia para mantener el brillo, evita l\u00edquidos no aptos para la joyer\u00eda, s\u00e9calas perfectamente.<\/p>\n<p style=\"font-weight: 400;\">Contamos con nuestro propio fabricante por el cual la calidad de nuestra joyer\u00eda es de alta calidad.<\/p>\n","protected":false},"excerpt":{"rendered":"<p>16g 1.2mm de grosor \/ 8 mm de alto<\/p>\n","protected":false},"featured_media":1639,"comment_status":"open","ping_status":"closed","template":"","meta":{"_gspb_post_css":"","_uag_custom_page_level_css":""},"product_brand":[],"product_cat":[37,36],"product_tag":[],"class_list":{"0":"post-919","1":"product","2":"type-product","3":"status-publish","4":"has-post-thumbnail","6":"product_cat-rectos-helix-lobulo","7":"product_cat-tototitanio","9":"first","10":"instock","11":"taxable","12":"shipping-taxable","13":"purchasable","14":"product-type-simple"},"uagb_featured_image_src":{"full":["https:\/\/frackjewelry.com\/wp-content\/uploads\/2023\/12\/b9641016-1b59-454e-b9fe-f20a7830e34a.jpg",1024,1024,false],"thumbnail":["https:\/\/frackjewelry.com\/wp-content\/uploads\/2023\/12\/b9641016-1b59-454e-b9fe-f20a7830e34a-150x150.jpg",150,150,true],"medium":["https:\/\/frackjewelry.com\/wp-content\/uploads\/2023\/12\/b9641016-1b59-454e-b9fe-f20a7830e34a-300x300.jpg",300,300,true],"medium_large":["https:\/\/frackjewelry.com\/wp-content\/uploads\/2023\/12\/b9641016-1b59-454e-b9fe-f20a7830e34a-768x768.jpg",768,768,true],"large":["https:\/\/frackjewelry.com\/wp-content\/uploads\/2023\/12\/b9641016-1b59-454e-b9fe-f20a7830e34a.jpg",1020,1020,false],"1536x1536":["https:\/\/frackjewelry.com\/wp-content\/uploads\/2023\/12\/b9641016-1b59-454e-b9fe-f20a7830e34a.jpg",1024,1024,false],"2048x2048":["https:\/\/frackjewelry.com\/wp-content\/uploads\/2023\/12\/b9641016-1b59-454e-b9fe-f20a7830e34a.jpg",1024,1024,false],"blossom-feminine-slider":["https:\/\/frackjewelry.com\/wp-content\/uploads\/2023\/12\/b9641016-1b59-454e-b9fe-f20a7830e34a.jpg",649,649,false],"blossom-feminine-featured":["https:\/\/frackjewelry.com\/wp-content\/uploads\/2023\/12\/b9641016-1b59-454e-b9fe-f20a7830e34a.jpg",600,600,false],"blossom-feminine-with-sidebar":["https:\/\/frackjewelry.com\/wp-content\/uploads\/2023\/12\/b9641016-1b59-454e-b9fe-f20a7830e34a.jpg",600,600,false],"blossom-feminine-blog":["https:\/\/frackjewelry.com\/wp-content\/uploads\/2023\/12\/b9641016-1b59-454e-b9fe-f20a7830e34a.jpg",435,435,false],"blossom-feminine-cat":["https:\/\/frackjewelry.com\/wp-content\/uploads\/2023\/12\/b9641016-1b59-454e-b9fe-f20a7830e34a.jpg",300,300,false],"blossom-feminine-related":["https:\/\/frackjewelry.com\/wp-content\/uploads\/2023\/12\/b9641016-1b59-454e-b9fe-f20a7830e34a.jpg",200,200,false],"woocommerce_thumbnail":["https:\/\/frackjewelry.com\/wp-content\/uploads\/2023\/12\/b9641016-1b59-454e-b9fe-f20a7830e34a-300x300.jpg",300,300,true],"woocommerce_single":["https:\/\/frackjewelry.com\/wp-content\/uploads\/2023\/12\/b9641016-1b59-454e-b9fe-f20a7830e34a-700x700.jpg",700,700,true],"woocommerce_gallery_thumbnail":["https:\/\/frackjewelry.com\/wp-content\/uploads\/2023\/12\/b9641016-1b59-454e-b9fe-f20a7830e34a-300x300.jpg",300,300,true],"wcpr-photo-reviews":["https:\/\/frackjewelry.com\/wp-content\/uploads\/2023\/12\/b9641016-1b59-454e-b9fe-f20a7830e34a.jpg",500,500,false],"variation_swatches_image_size":["https:\/\/frackjewelry.com\/wp-content\/uploads\/2023\/12\/b9641016-1b59-454e-b9fe-f20a7830e34a-50x50.jpg",50,50,true],"variation_swatches_tooltip_size":["https:\/\/frackjewelry.com\/wp-content\/uploads\/2023\/12\/b9641016-1b59-454e-b9fe-f20a7830e34a-100x100.jpg",100,100,true]},"uagb_author_info":{"display_name":"frackjewelry.com","author_link":"https:\/\/frackjewelry.com\/index.php\/author\/"},"uagb_comment_info":0,"uagb_excerpt":"16g 1.2mm de grosor \/ 8 mm de alto","_links":{"self":[{"href":"https:\/\/frackjewelry.com\/index.php\/wp-json\/wp\/v2\/product\/919","targetHints":{"allow":["GET"]}}],"collection":[{"href":"https:\/\/frackjewelry.com\/index.php\/wp-json\/wp\/v2\/product"}],"about":[{"href":"https:\/\/frackjewelry.com\/index.php\/wp-json\/wp\/v2\/types\/product"}],"replies":[{"embeddable":true,"href":"https:\/\/frackjewelry.com\/index.php\/wp-json\/wp\/v2\/comments?post=919"}],"wp:featuredmedia":[{"embeddable":true,"href":"https:\/\/frackjewelry.com\/index.php\/wp-json\/wp\/v2\/media\/1639"}],"wp:attachment":[{"href":"https:\/\/frackjewelry.com\/index.php\/wp-json\/wp\/v2\/media?parent=919"}],"wp:term":[{"taxonomy":"product_brand","embeddable":true,"href":"https:\/\/frackjewelry.com\/index.php\/wp-json\/wp\/v2\/product_brand?post=919"},{"taxonomy":"product_cat","embeddable":true,"href":"https:\/\/frackjewelry.com\/index.php\/wp-json\/wp\/v2\/product_cat?post=919"},{"taxonomy":"product_tag","embeddable":true,"href":"https:\/\/frackjewelry.com\/index.php\/wp-json\/wp\/v2\/product_tag?post=919"}],"curies":[{"name":"wp","href":"https:\/\/api.w.org\/{rel}","templated":true}]}}